{"id":834,"date":"2022-07-07T09:56:31","date_gmt":"2022-07-07T09:56:31","guid":{"rendered":"https:\/\/www.fischerei-olang.net\/pos\/impressum-datenschutz\/"},"modified":"2023-03-14T10:42:05","modified_gmt":"2023-03-14T10:42:05","slug":"impressum-datenschutz","status":"publish","type":"page","link":"https:\/\/www.fischerei-olang.net\/pos\/it\/impressum-datenschutz\/","title":{"rendered":"Impronta e protezione dei dati"},"content":{"rendered":"<div class=\"fusion-fullwidth fullwidth-box fusion-builder-row-1 fusion-flex-container has-pattern-background has-mask-background nonhundred-percent-fullwidth non-hundred-percent-height-scrolling\" style=\"--awb-border-radius-top-left:0px;--awb-border-radius-top-right:0px;--awb-border-radius-bottom-right:0px;--awb-border-radius-bottom-left:0px;--awb-flex-wrap:wrap;\" ><div class=\"fusion-builder-row fusion-row fusion-flex-align-items-flex-start fusion-flex-content-wrap\" style=\"max-width:1216.8px;margin-left: calc(-4% \/ 2 );margin-right: calc(-4% \/ 2 );\"><div class=\"fusion-layout-column fusion_builder_column fusion-builder-column-0 fusion_builder_column_3_4 3_4 fusion-flex-column\" style=\"--awb-bg-size:cover;--awb-width-large:75%;--awb-margin-top-large:0px;--awb-spacing-right-large:2.56%;--awb-margin-bottom-large:20px;--awb-spacing-left-large:2.56%;--awb-width-medium:100%;--awb-order-medium:0;--awb-spacing-right-medium:1.92%;--awb-spacing-left-medium:1.92%;--awb-width-small:100%;--awb-order-small:0;--awb-spacing-right-small:1.92%;--awb-spacing-left-small:1.92%;\"><div class=\"fusion-column-wrapper fusion-column-has-shadow fusion-flex-justify-content-flex-start fusion-content-layout-column\"><div class=\"fusion-text fusion-text-1\"><h3>Cliente e responsabile di tutti i contenuti<\/h3>\n<p>Societ\u00e0 di pesca Valdaora<br \/>\nCanon Gamper Modo 7<br \/>\nI-39030 Valdaora (BZ)<br \/>\nCodice Fiscale. &#8211; Partita IVA: 92016270214<br \/>\nnella persona del legale rappresentante Rauter Johannes.<br \/>\nE-mail: <a href=\"mailto:info@fischerei-olang.net\">info@fischerei-olang.net<\/a><\/p>\n<h3>Fonte dell&#8217;immagine se non diversamente specificato<\/h3>\n<p>Societ\u00e0 di pesca Valdaora<\/p>\n<h3>Web design e realizzazione<\/h3>\n<p>gunSOFT<br \/>\nJulius Durststra\u00dfe 44<br \/>\nI-39042 Bressanone<br \/>\ntel: <a href=\"tel:+393480039975\">+39 348 0039975<\/a><br \/>\nemail: <a href=\"mailto:info@gunsoft.it\">info@gunsoft.it<\/a><br \/>\n<a href=\"http:\/\/www.gunsoft.it\" target=\"_blank\" rel=\"noopener\">www.gunsoft.it<\/a><\/p>\n<h3>Esclusione di responsabilit\u00e0\/Termini e condizioni\/Note<\/h3>\n<h4>1. Contenuto dell&#8217;offerta online<\/h4>\n<p>L&#8217;autore non si assume alcuna responsabilit\u00e0 per l&#8217;attualit\u00e0, la correttezza, la completezza o la qualit\u00e0 delle informazioni fornite. In linea di principio sono escluse rivendicazioni di responsabilit\u00e0 nei confronti dell&#8217;autore per danni materiali o immateriali causati dall&#8217;uso o dal mancato uso delle informazioni fornite o dall&#8217;uso di informazioni errate o incomplete, a meno che non si possa dimostrare che l&#8217;autore ha agito intenzionalmente o gravemente sussiste colpa per negligenza. Tutte le offerte non sono vincolanti. L&#8217;autore si riserva espressamente il diritto di modificare, integrare o cancellare parti delle pagine o l&#8217;intera offerta senza preavviso o di interrompere temporaneamente o definitivamente la pubblicazione.<\/p>\n<h4>2. Riferimenti e link<\/h4>\n<p>In caso di riferimenti diretti o indiretti a siti Web esterni (&#8220;collegamenti ipertestuali&#8221;), che esulano dall&#8217;ambito di responsabilit\u00e0 dell&#8217;autore, la responsabilit\u00e0 sorgerebbe solo se l&#8217;autore fosse a conoscenza del contenuto e fosse tecnicamente possibile e ragionevole per lui a farlo per impedire l&#8217;uso di contenuti illegali. L&#8217;autore dichiara espressamente che al momento della creazione del collegamento non erano riconoscibili contenuti illegali sulle pagine collegate. L&#8217;autore non ha alcuna influenza sulla struttura attuale e futura, sul contenuto o sulla paternit\u00e0 delle pagine collegate\/collegate. Pertanto, prende espressamente le distanze da tutti i contenuti di tutte le pagine collegate\/collegate che sono state modificate dopo la creazione del collegamento. Questa dichiarazione si applica a tutti i collegamenti e riferimenti impostati all&#8217;interno del nostro sito Web, nonch\u00e9 alle voci di terzi nei libri degli ospiti, nei forum di discussione, nelle directory dei collegamenti, nelle mailing list e in tutte le altre forme di database creati dall&#8217;autore, il cui contenuto pu\u00f2 essere accessibili dall&#8217;esterno. Per i contenuti illegali, errati o incompleti e in particolare per i danni derivanti dall&#8217;uso o dal mancato uso di tali informazioni \u00e8 responsabile esclusivamente il fornitore della pagina a cui si fa riferimento, non la persona che si limita a rimandare alla rispettiva pubblicazione tramite link.<\/p>\n<h4>3. Diritto d&#8217;autore e diritto dei marchi<\/h4>\n<p>L&#8217;autore si impegna a rispettare i diritti d&#8217;autore delle immagini, della grafica, dei documenti sonori, delle sequenze video e dei testi utilizzati in tutte le pubblicazioni, di utilizzare immagini, grafica, documenti sonori, sequenze video e testi da lui stesso creati o di utilizzare grafica senza licenza, documenti sonori, sequenze video e testi . Tutti i marchi ei marchi citati all&#8217;interno del sito ed eventualmente protetti da terzi sono soggetti senza limitazioni alle disposizioni della legge applicabile sui marchi e ai diritti di propriet\u00e0 del rispettivo titolare registrato. La conclusione che i marchi non sono protetti da diritti di terzi non dovrebbe essere tratta solo sulla base della semplice menzione! Il copyright per gli oggetti pubblicati creati dall&#8217;autore stesso rimane esclusivamente dell&#8217;autore delle pagine. La riproduzione o l&#8217;utilizzo di tali grafici, documenti sonori, sequenze video e testi in altre pubblicazioni elettroniche o stampate non \u00e8 consentita senza l&#8217;espresso consenso dell&#8217;autore.<\/p>\n<h4>4. Informativa sulla privacy<\/h4>\n<p>Se viene data la possibilit\u00e0 di inserire dati personali o aziendali (indirizzi e-mail, nome, indirizzi), l&#8217;inserimento di questi dati avviene da parte dell&#8217;utente su base espressamente volontaria. L&#8217;utilizzo e il pagamento di tutti i servizi offerti \u00e8 &#8211; per quanto tecnicamente possibile e ragionevole &#8211; consentito senza fornire tali dati o fornendo dati anonimi o uno pseudonimo. Non \u00e8 consentito l&#8217;utilizzo dei dati di contatto pubblicati nell&#8217;impronta o di informazioni comparabili come indirizzi postali, numeri di telefono e fax e indirizzi e-mail da parte di terzi per l&#8217;invio di informazioni non espressamente richieste. Ci riserviamo espressamente il diritto di intraprendere azioni legali contro i mittenti di cosiddette e-mail spam che violino tale divieto.<\/p>\n<h4>5. Validit\u00e0 legale del presente disclaimer<\/p>\n<\/div><\/div><\/div><\/div><\/div>\n","protected":false},"excerpt":{"rendered":"","protected":false},"author":1,"featured_media":0,"parent":0,"menu_order":0,"comment_status":"closed","ping_status":"closed","template":"","meta":{"iawp_total_views":3,"footnotes":""},"class_list":["post-834","page","type-page","status-publish","hentry"],"_links":{"self":[{"href":"https:\/\/www.fischerei-olang.net\/pos\/it\/wp-json\/wp\/v2\/pages\/834","targetHints":{"allow":["GET"]}}],"collection":[{"href":"https:\/\/www.fischerei-olang.net\/pos\/it\/wp-json\/wp\/v2\/pages"}],"about":[{"href":"https:\/\/www.fischerei-olang.net\/pos\/it\/wp-json\/wp\/v2\/types\/page"}],"author":[{"embeddable":true,"href":"https:\/\/www.fischerei-olang.net\/pos\/it\/wp-json\/wp\/v2\/users\/1"}],"replies":[{"embeddable":true,"href":"https:\/\/www.fischerei-olang.net\/pos\/it\/wp-json\/wp\/v2\/comments?post=834"}],"version-history":[{"count":0,"href":"https:\/\/www.fischerei-olang.net\/pos\/it\/wp-json\/wp\/v2\/pages\/834\/revisions"}],"wp:attachment":[{"href":"https:\/\/www.fischerei-olang.net\/pos\/it\/wp-json\/wp\/v2\/media?parent=834"}],"curies":[{"name":"wp","href":"https:\/\/api.w.org\/{rel}","templated":true}]}}